{"id":19,"date":"2023-01-24T14:59:05","date_gmt":"2023-01-24T11:59:05","guid":{"rendered":"https:\/\/yesilorman.com.tr\/?page_id=19"},"modified":"2025-11-20T23:47:35","modified_gmt":"2025-11-20T20:47:35","slug":"%d8%a7%d8%aa%d8%b5%d8%a7%d9%84","status":"publish","type":"page","link":"https:\/\/yesilorman.com.tr\/ar\/%d8%a7%d8%aa%d8%b5%d8%a7%d9%84\/","title":{"rendered":"\u0627\u062a\u0635\u0627\u0644"},"content":{"rendered":"<div class='flex_column av-1akxz-d2299b09b288ccf34b0e02c643631f23 av_one_half  avia-builder-el-0  el_before_av_one_half  avia-builder-el-first  first flex_column_div '     ><style type=\"text\/css\" data-created_by=\"avia_inline_auto\" id=\"style-css-av-lda8u0q6-f3211a5b3911a2121bb806a4eebc1e0f\">\n#top .av_textblock_section.av-lda8u0q6-f3211a5b3911a2121bb806a4eebc1e0f .avia_textblock{\nfont-size:16px;\n}\n<\/style>\n<section  class='av_textblock_section av-lda8u0q6-f3211a5b3911a2121bb806a4eebc1e0f'  itemscope=\"itemscope\" itemtype=\"https:\/\/schema.org\/CreativeWork\" ><div class='avia_textblock'  itemprop=\"text\" ><h2>\u0130LET\u0130\u015e\u0130M<\/h2>\n<p><strong>Adres:<\/strong> Mithatpa\u015fa Mahallesi Selanik Bulvar\u0131 No:141 Kemerburgaz \/ \u0130STANBUL<br \/>\n<strong>Telefon:<\/strong> 0535 518 94 24<\/p>\n<\/div><\/section><br \/>\n\n<style type=\"text\/css\" data-created_by=\"avia_inline_auto\" id=\"style-css-av-lda8x4gy-19db4987ee2254cef5c824dbb6e8f2d8\">\n#top .hr.hr-invisible.av-lda8x4gy-19db4987ee2254cef5c824dbb6e8f2d8{\nheight:25px;\n}\n<\/style>\n<div  class='hr av-lda8x4gy-19db4987ee2254cef5c824dbb6e8f2d8 hr-invisible  avia-builder-el-2  el_after_av_textblock  el_before_av_textblock '><span class='hr-inner '><span class=\"hr-inner-style\"><\/span><\/span><\/div><br \/>\n\n<style type=\"text\/css\" data-created_by=\"avia_inline_auto\" id=\"style-css-av-lda8w8mf-acbec0661d73c75008f2b20f49c577bd\">\n#top .av_textblock_section.av-lda8w8mf-acbec0661d73c75008f2b20f49c577bd .avia_textblock{\nfont-size:16px;\n}\n<\/style>\n<section  class='av_textblock_section av-lda8w8mf-acbec0661d73c75008f2b20f49c577bd'  itemscope=\"itemscope\" itemtype=\"https:\/\/schema.org\/CreativeWork\" ><div class='avia_textblock'  itemprop=\"text\" ><h2>\u00c7ALI\u015eMA SAATLER\u0130<\/h2>\n<p><strong>HATFA \u0130\u00c7\u0130 :<\/strong> 09.00 &#8211; 21.00<br \/>\n<strong>HAFTA SONU:<\/strong> 08.30 &#8211; 21.30<\/p>\n<\/div><\/section><\/p><\/div><div class='flex_column av-qyxb-b84706c68840c6f9ea2129e248240057 av_one_half  avia-builder-el-4  el_after_av_one_half  avia-builder-el-last  flex_column_div '     ><section  class='av_textblock_section av-lda8ucvk-95ab1972da1e9c73ed3a2ada67627f41'  itemscope=\"itemscope\" itemtype=\"https:\/\/schema.org\/CreativeWork\" ><div class='avia_textblock'  itemprop=\"text\" ><p><iframe loading=\"lazy\" style=\"border: 0;\" src=\"https:\/\/www.google.com\/maps\/embed?pb=!1m14!1m8!1m3!1d12013.829875918129!2d28.9055809!3d41.1681883!3m2!1i1024!2i768!4f13.1!3m3!1m2!1s0x0%3A0x3edbc046d538d2f!2sYe%C5%9Fil%20Orman%20Kahvalt%C4%B1%20-%20Izgara%20-%20Pide!5e0!3m2!1str!2str!4v1674565123838!5m2!1str!2str\" width=\"600\" height=\"450\" allowfullscreen=\"allowfullscreen\"><\/iframe><\/p>\n<\/div><\/section><\/div><\/p>\n","protected":false},"excerpt":{"rendered":"","protected":false},"author":1,"featured_media":0,"parent":0,"menu_order":0,"comment_status":"closed","ping_status":"closed","template":"","meta":{"footnotes":""},"class_list":["post-19","page","type-page","status-publish","hentry"],"_links":{"self":[{"href":"https:\/\/yesilorman.com.tr\/ar\/wp-json\/wp\/v2\/pages\/19","targetHints":{"allow":["GET"]}}],"collection":[{"href":"https:\/\/yesilorman.com.tr\/ar\/wp-json\/wp\/v2\/pages"}],"about":[{"href":"https:\/\/yesilorman.com.tr\/ar\/wp-json\/wp\/v2\/types\/page"}],"author":[{"embeddable":true,"href":"https:\/\/yesilorman.com.tr\/ar\/wp-json\/wp\/v2\/users\/1"}],"replies":[{"embeddable":true,"href":"https:\/\/yesilorman.com.tr\/ar\/wp-json\/wp\/v2\/comments?post=19"}],"version-history":[{"count":10,"href":"https:\/\/yesilorman.com.tr\/ar\/wp-json\/wp\/v2\/pages\/19\/revisions"}],"predecessor-version":[{"id":736,"href":"https:\/\/yesilorman.com.tr\/ar\/wp-json\/wp\/v2\/pages\/19\/revisions\/736"}],"wp:attachment":[{"href":"https:\/\/yesilorman.com.tr\/ar\/wp-json\/wp\/v2\/media?parent=19"}],"curies":[{"name":"wp","href":"https:\/\/api.w.org\/{rel}","templated":true}]}}