{"id":361,"date":"2014-07-09T15:49:00","date_gmt":"2014-07-09T12:49:00","guid":{"rendered":"http:\/\/192.168.1.104\/restaurant\/?page_id=9"},"modified":"2025-11-20T23:45:51","modified_gmt":"2025-11-20T20:45:51","slug":"homepage","status":"publish","type":"page","link":"https:\/\/yesilorman.com.tr\/ar\/","title":{"rendered":"\u0627\u0644\u0635\u0641\u062d\u0629 \u0627\u0644\u0631\u0626\u064a\u0633\u064a\u0629"},"content":{"rendered":"<div id='full_slider_1'  class='avia-fullwidth-slider main_color avia-shadow   avia-builder-el-0  el_before_av_one_third  avia-builder-el-first   container_wrap sidebar_right'  ><div  class='avia-slideshow av-lda9bdwo-98d81d59e9c876dd3dc710128f91f6c7 avia-slideshow-no scaling av_slideshow_full avia-fade-slider av-slideshow-ui av-control-default av-slideshow-autoplay av-loop-endless av-loop-manual-endless av-default-height-applied  image_no_stretch avia-slideshow-1' data-slideshow-options=\"{&quot;animation&quot;:&quot;fade&quot;,&quot;autoplay&quot;:true,&quot;loop_autoplay&quot;:&quot;endless&quot;,&quot;interval&quot;:3,&quot;loop_manual&quot;:&quot;manual-endless&quot;,&quot;autoplay_stopper&quot;:false,&quot;noNavigation&quot;:false,&quot;bg_slider&quot;:false,&quot;keep_padding&quot;:false,&quot;hoverpause&quot;:false,&quot;show_slide_delay&quot;:0}\"  itemprop=\"image\" itemscope=\"itemscope\" itemtype=\"https:\/\/schema.org\/ImageObject\" ><ul class='avia-slideshow-inner ' style='padding-bottom: 59.8125%;'><li  class='avia-slideshow-slide av-lda9bdwo-98d81d59e9c876dd3dc710128f91f6c7__0  slide-1 slide-odd'><div data-rel='slideshow-1' class='avia-slide-wrap '   ><img decoding=\"async\" class=\"wp-image-432 avia-img-lazy-loading-not-432\"  src=\"https:\/\/yesilorman.com.tr\/wp-content\/uploads\/2023\/01\/yesil_orman_2023_salyat_2.jpg\" width=\"1600\" height=\"957\" title='yesil_orman_2023_salyat_2' alt=''  itemprop=\"thumbnailUrl\" srcset=\"https:\/\/yesilorman.com.tr\/wp-content\/uploads\/2023\/01\/yesil_orman_2023_salyat_2.jpg 1600w, https:\/\/yesilorman.com.tr\/wp-content\/uploads\/2023\/01\/yesil_orman_2023_salyat_2-300x179.jpg 300w, https:\/\/yesilorman.com.tr\/wp-content\/uploads\/2023\/01\/yesil_orman_2023_salyat_2-1030x616.jpg 1030w, https:\/\/yesilorman.com.tr\/wp-content\/uploads\/2023\/01\/yesil_orman_2023_salyat_2-768x459.jpg 768w, https:\/\/yesilorman.com.tr\/wp-content\/uploads\/2023\/01\/yesil_orman_2023_salyat_2-1536x919.jpg 1536w, https:\/\/yesilorman.com.tr\/wp-content\/uploads\/2023\/01\/yesil_orman_2023_salyat_2-1500x897.jpg 1500w, https:\/\/yesilorman.com.tr\/wp-content\/uploads\/2023\/01\/yesil_orman_2023_salyat_2-705x422.jpg 705w\" sizes=\"(max-width: 1600px) 100vw, 1600px\" \/><\/div><\/li><li  class='avia-slideshow-slide av-lda9bdwo-98d81d59e9c876dd3dc710128f91f6c7__1  slide-2 slide-even'><div data-rel='slideshow-1' class='avia-slide-wrap '   ><img decoding=\"async\" class=\"wp-image-427 avia-img-lazy-loading-not-427\"  src=\"https:\/\/yesilorman.com.tr\/wp-content\/uploads\/2023\/01\/yesil_orman_2023_salyat_1.jpg\" width=\"1600\" height=\"957\" title='yesil_orman_2023_salyat_1' alt=''  itemprop=\"thumbnailUrl\" srcset=\"https:\/\/yesilorman.com.tr\/wp-content\/uploads\/2023\/01\/yesil_orman_2023_salyat_1.jpg 1600w, https:\/\/yesilorman.com.tr\/wp-content\/uploads\/2023\/01\/yesil_orman_2023_salyat_1-300x179.jpg 300w, https:\/\/yesilorman.com.tr\/wp-content\/uploads\/2023\/01\/yesil_orman_2023_salyat_1-1030x616.jpg 1030w, https:\/\/yesilorman.com.tr\/wp-content\/uploads\/2023\/01\/yesil_orman_2023_salyat_1-768x459.jpg 768w, https:\/\/yesilorman.com.tr\/wp-content\/uploads\/2023\/01\/yesil_orman_2023_salyat_1-1536x919.jpg 1536w, https:\/\/yesilorman.com.tr\/wp-content\/uploads\/2023\/01\/yesil_orman_2023_salyat_1-1500x897.jpg 1500w, https:\/\/yesilorman.com.tr\/wp-content\/uploads\/2023\/01\/yesil_orman_2023_salyat_1-705x422.jpg 705w\" sizes=\"(max-width: 1600px) 100vw, 1600px\" \/><\/div><\/li><li  class='avia-slideshow-slide av-lda9bdwo-98d81d59e9c876dd3dc710128f91f6c7__2  slide-3 slide-odd'><div data-rel='slideshow-1' class='avia-slide-wrap '   ><img decoding=\"async\" class=\"wp-image-434 avia-img-lazy-loading-not-434\"  src=\"https:\/\/yesilorman.com.tr\/wp-content\/uploads\/2023\/01\/yesil_orman_2023_salyat_4.jpg\" width=\"1600\" height=\"957\" title='yesil_orman_2023_salyat_4' alt=''  itemprop=\"thumbnailUrl\" srcset=\"https:\/\/yesilorman.com.tr\/wp-content\/uploads\/2023\/01\/yesil_orman_2023_salyat_4.jpg 1600w, https:\/\/yesilorman.com.tr\/wp-content\/uploads\/2023\/01\/yesil_orman_2023_salyat_4-300x179.jpg 300w, https:\/\/yesilorman.com.tr\/wp-content\/uploads\/2023\/01\/yesil_orman_2023_salyat_4-1030x616.jpg 1030w, https:\/\/yesilorman.com.tr\/wp-content\/uploads\/2023\/01\/yesil_orman_2023_salyat_4-768x459.jpg 768w, https:\/\/yesilorman.com.tr\/wp-content\/uploads\/2023\/01\/yesil_orman_2023_salyat_4-1536x919.jpg 1536w, https:\/\/yesilorman.com.tr\/wp-content\/uploads\/2023\/01\/yesil_orman_2023_salyat_4-1500x897.jpg 1500w, https:\/\/yesilorman.com.tr\/wp-content\/uploads\/2023\/01\/yesil_orman_2023_salyat_4-705x422.jpg 705w\" sizes=\"(max-width: 1600px) 100vw, 1600px\" \/><\/div><\/li><\/ul><div class='avia-slideshow-arrows avia-slideshow-controls' ><a href='#prev' class='prev-slide ' aria-hidden='true' data-av_icon='\ue87c' data-av_iconfont='entypo-fontello'  tabindex='-1'>Previous<\/a><a href='#next' class='next-slide ' aria-hidden='true' data-av_icon='\ue87d' data-av_iconfont='entypo-fontello'  tabindex='-1'>Next<\/a><\/div><div class='avia-slideshow-dots avia-slideshow-controls'><a href='#1' class='goto-slide active' >1<\/a><a href='#2' class='goto-slide ' >2<\/a><a href='#3' class='goto-slide ' >3<\/a><\/div><\/div><\/div><div id='after_full_slider_1'  class='main_color av_default_container_wrap container_wrap sidebar_right'  ><div class='container av-section-cont-open' ><div class='template-page content  av-content-small alpha units'><div class='post-entry post-entry-type-page post-entry-361'><div class='entry-content-wrapper clearfix'>\n<div class='flex_column av-bvtih-ddfd04ab69b50acd8d8447575d7a873c av_one_third  avia-builder-el-1  el_after_av_slideshow_full  el_before_av_one_third  avia-builder-el-first  first flex_column_div '     ><p>\n<style type=\"text\/css\" data-created_by=\"avia_inline_auto\" id=\"style-css-av-lda9scci-c143d81db4c91547b86afc8949fe946a\">\n.avia-image-container.av-lda9scci-c143d81db4c91547b86afc8949fe946a img.avia_image{\nbox-shadow:none;\n}\n.avia-image-container.av-lda9scci-c143d81db4c91547b86afc8949fe946a .av-image-caption-overlay-center{\ncolor:#ffffff;\n}\n<\/style>\n<div  class='avia-image-container av-lda9scci-c143d81db4c91547b86afc8949fe946a av-styling- avia-align-center  avia-builder-el-2  el_before_av_icon_box  avia-builder-el-first '   itemprop=\"image\" itemscope=\"itemscope\" itemtype=\"https:\/\/schema.org\/ImageObject\" ><div class=\"avia-image-container-inner\"><div class=\"avia-image-overlay-wrap\"><img decoding=\"async\" class='wp-image-439 avia-img-lazy-loading-not-439 avia_image ' src=\"https:\/\/yesilorman.com.tr\/wp-content\/uploads\/2023\/01\/yesil_orman_kahvalti.jpg\" alt='' title='yesil_orman_kahvalti'  height=\"948\" width=\"1032\"  itemprop=\"thumbnailUrl\" srcset=\"https:\/\/yesilorman.com.tr\/wp-content\/uploads\/2023\/01\/yesil_orman_kahvalti.jpg 1032w, https:\/\/yesilorman.com.tr\/wp-content\/uploads\/2023\/01\/yesil_orman_kahvalti-300x276.jpg 300w, https:\/\/yesilorman.com.tr\/wp-content\/uploads\/2023\/01\/yesil_orman_kahvalti-1030x946.jpg 1030w, https:\/\/yesilorman.com.tr\/wp-content\/uploads\/2023\/01\/yesil_orman_kahvalti-768x705.jpg 768w, https:\/\/yesilorman.com.tr\/wp-content\/uploads\/2023\/01\/yesil_orman_kahvalti-705x648.jpg 705w\" sizes=\"(max-width: 1032px) 100vw, 1032px\" \/><\/div><\/div><\/div><br \/>\n<article  class='iconbox iconbox_left av-d1wy1-fbff2715d1131a93ee3730cb6a964e5b  avia-builder-el-3  el_after_av_image  avia-builder-el-last '  itemscope=\"itemscope\" itemtype=\"https:\/\/schema.org\/CreativeWork\" ><div class=\"iconbox_content\"><header class=\"entry-content-header\"><div class=\"iconbox_icon heading-color\" aria-hidden='true' data-av_icon='\ue806' data-av_iconfont='entypo-fontello'><\/div><h3 class='iconbox_content_title '  itemprop=\"headline\" >\u0130STANBUL\u2019UN EN \u0130Y\u0130 KAHVALTI MEKANI<\/h3><\/header><div class='iconbox_content_container '  itemprop=\"text\" ><p>G\u00fcne g\u00fczel bir ba\u015flang\u0131\u00e7 yapmak isteyenler i\u00e7in Ye\u015fil Orman Kahvalt\u0131 ve Cafe, Do\u011fayla i\u00e7 i\u00e7e kahvalt\u0131 imkan\u0131 sunuyoruz.<\/p>\n<\/div><\/div><footer class=\"entry-footer\"><\/footer><\/article><\/p><\/div>\n<div class='flex_column av-14nzzd-cb8dada1ffee16bcca54abe76269f507 av_one_third  avia-builder-el-4  el_after_av_one_third  el_before_av_one_third  flex_column_div '     ><p>\n<style type=\"text\/css\" data-created_by=\"avia_inline_auto\" id=\"style-css-av-uf8ip-8d219ec3eec7d174d45dca543c30aa69\">\n.avia-image-container.av-uf8ip-8d219ec3eec7d174d45dca543c30aa69 img.avia_image{\nbox-shadow:none;\n}\n.avia-image-container.av-uf8ip-8d219ec3eec7d174d45dca543c30aa69 .av-image-caption-overlay-center{\ncolor:#ffffff;\n}\n<\/style>\n<div  class='avia-image-container av-uf8ip-8d219ec3eec7d174d45dca543c30aa69 av-styling- avia-align-center  avia-builder-el-5  el_before_av_icon_box  avia-builder-el-first '   itemprop=\"image\" itemscope=\"itemscope\" itemtype=\"https:\/\/schema.org\/ImageObject\" ><div class=\"avia-image-container-inner\"><div class=\"avia-image-overlay-wrap\"><img decoding=\"async\" class='wp-image-443 avia-img-lazy-loading-not-443 avia_image ' src=\"https:\/\/yesilorman.com.tr\/wp-content\/uploads\/2023\/01\/yesil_orman_pide.jpg\" alt='' title='yesil_orman_pide'  height=\"948\" width=\"1032\"  itemprop=\"thumbnailUrl\" srcset=\"https:\/\/yesilorman.com.tr\/wp-content\/uploads\/2023\/01\/yesil_orman_pide.jpg 1032w, https:\/\/yesilorman.com.tr\/wp-content\/uploads\/2023\/01\/yesil_orman_pide-300x276.jpg 300w, https:\/\/yesilorman.com.tr\/wp-content\/uploads\/2023\/01\/yesil_orman_pide-1030x946.jpg 1030w, https:\/\/yesilorman.com.tr\/wp-content\/uploads\/2023\/01\/yesil_orman_pide-768x705.jpg 768w, https:\/\/yesilorman.com.tr\/wp-content\/uploads\/2023\/01\/yesil_orman_pide-705x648.jpg 705w\" sizes=\"(max-width: 1032px) 100vw, 1032px\" \/><\/div><\/div><\/div><br \/>\n<article  class='iconbox iconbox_left av-2hii1-ba618ee20f0fa06c8d6b2528ab971124  avia-builder-el-6  el_after_av_image  avia-builder-el-last '  itemscope=\"itemscope\" itemtype=\"https:\/\/schema.org\/CreativeWork\" ><div class=\"iconbox_content\"><header class=\"entry-content-header\"><div class=\"iconbox_icon heading-color\" aria-hidden='true' data-av_icon='\ue806' data-av_iconfont='entypo-fontello'><\/div><h3 class='iconbox_content_title '  itemprop=\"headline\" >\u0130STANBUL\u2019UN EN \u0130Y\u0130 P\u0130DE MEKANI<\/h3><\/header><div class='iconbox_content_container '  itemprop=\"text\" ><p>Ye\u015fil Orman Kahvalt\u0131 ve Cafe&#8217;de me\u015fhur bafra pidesini denemenizi tavsiye ediyoruz.<\/p>\n<\/div><\/div><footer class=\"entry-footer\"><\/footer><\/article><\/p><\/div><div class='flex_column av-n4cs9-fdf94ce5da20f2a93a15cb67579c34e1 av_one_third  avia-builder-el-7  el_after_av_one_third  avia-builder-el-last  flex_column_div '     ><p>\n<style type=\"text\/css\" data-created_by=\"avia_inline_auto\" id=\"style-css-av-1dayx-7b3665c13a3f4ab12167147a62308c8b\">\n.avia-image-container.av-1dayx-7b3665c13a3f4ab12167147a62308c8b img.avia_image{\nbox-shadow:none;\n}\n.avia-image-container.av-1dayx-7b3665c13a3f4ab12167147a62308c8b .av-image-caption-overlay-center{\ncolor:#ffffff;\n}\n<\/style>\n<div  class='avia-image-container av-1dayx-7b3665c13a3f4ab12167147a62308c8b av-styling- avia-align-center  avia-builder-el-8  el_before_av_icon_box  avia-builder-el-first '   itemprop=\"image\" itemscope=\"itemscope\" itemtype=\"https:\/\/schema.org\/ImageObject\" ><div class=\"avia-image-container-inner\"><div class=\"avia-image-overlay-wrap\"><img decoding=\"async\" class='wp-image-444 avia-img-lazy-loading-not-444 avia_image ' src=\"https:\/\/yesilorman.com.tr\/wp-content\/uploads\/2023\/01\/yesil_orman_cafe.jpg\" alt='' title='yesil_orman_cafe'  height=\"948\" width=\"1032\"  itemprop=\"thumbnailUrl\" srcset=\"https:\/\/yesilorman.com.tr\/wp-content\/uploads\/2023\/01\/yesil_orman_cafe.jpg 1032w, https:\/\/yesilorman.com.tr\/wp-content\/uploads\/2023\/01\/yesil_orman_cafe-300x276.jpg 300w, https:\/\/yesilorman.com.tr\/wp-content\/uploads\/2023\/01\/yesil_orman_cafe-1030x946.jpg 1030w, https:\/\/yesilorman.com.tr\/wp-content\/uploads\/2023\/01\/yesil_orman_cafe-768x705.jpg 768w, https:\/\/yesilorman.com.tr\/wp-content\/uploads\/2023\/01\/yesil_orman_cafe-705x648.jpg 705w\" sizes=\"(max-width: 1032px) 100vw, 1032px\" \/><\/div><\/div><\/div><br \/>\n<article  class='iconbox iconbox_left av-8v8k9-cc819f3efdc9652573313bbe515dcce9  avia-builder-el-9  el_after_av_image  avia-builder-el-last '  itemscope=\"itemscope\" itemtype=\"https:\/\/schema.org\/CreativeWork\" ><div class=\"iconbox_content\"><header class=\"entry-content-header\"><div class=\"iconbox_icon heading-color\" aria-hidden='true' data-av_icon='\ue806' data-av_iconfont='entypo-fontello'><\/div><h3 class='iconbox_content_title '  itemprop=\"headline\" >\u0130STANBUL\u2019UN EN \u0130Y\u0130 CAFE\u2019S\u0130<\/h3><\/header><div class='iconbox_content_container '  itemprop=\"text\" ><p>Ye\u015fil Orman Kahvalt\u0131 ve Cafe, Do\u011fayla i\u00e7 i\u00e7e kahvalt\u0131 imkan\u0131 yan\u0131 s\u0131ra aileniz ve sevdiklerinizle birlikte keyifli vakit ge\u00e7irebilirsiniz.<\/p>\n<\/div><\/div><footer class=\"entry-footer\"><\/footer><\/article><\/p><\/div><\/p>\n","protected":false},"excerpt":{"rendered":"","protected":false},"author":1,"featured_media":0,"parent":0,"menu_order":0,"comment_status":"open","ping_status":"closed","template":"","meta":{"footnotes":""},"class_list":["post-361","page","type-page","status-publish","hentry"],"_links":{"self":[{"href":"https:\/\/yesilorman.com.tr\/ar\/wp-json\/wp\/v2\/pages\/361","targetHints":{"allow":["GET"]}}],"collection":[{"href":"https:\/\/yesilorman.com.tr\/ar\/wp-json\/wp\/v2\/pages"}],"about":[{"href":"https:\/\/yesilorman.com.tr\/ar\/wp-json\/wp\/v2\/types\/page"}],"author":[{"embeddable":true,"href":"https:\/\/yesilorman.com.tr\/ar\/wp-json\/wp\/v2\/users\/1"}],"replies":[{"embeddable":true,"href":"https:\/\/yesilorman.com.tr\/ar\/wp-json\/wp\/v2\/comments?post=361"}],"version-history":[{"count":18,"href":"https:\/\/yesilorman.com.tr\/ar\/wp-json\/wp\/v2\/pages\/361\/revisions"}],"predecessor-version":[{"id":732,"href":"https:\/\/yesilorman.com.tr\/ar\/wp-json\/wp\/v2\/pages\/361\/revisions\/732"}],"wp:attachment":[{"href":"https:\/\/yesilorman.com.tr\/ar\/wp-json\/wp\/v2\/media?parent=361"}],"curies":[{"name":"wp","href":"https:\/\/api.w.org\/{rel}","templated":true}]}}