{"id":372,"date":"2014-07-09T16:04:43","date_gmt":"2014-07-09T13:04:43","guid":{"rendered":"http:\/\/192.168.1.104\/restaurant\/?page_id=25"},"modified":"2025-11-20T23:46:40","modified_gmt":"2025-11-20T20:46:40","slug":"%d9%85%d8%b9%d9%84%d9%88%d9%85%d8%a7%d8%aa-%d8%b9%d9%86%d8%a7","status":"publish","type":"page","link":"https:\/\/yesilorman.com.tr\/ar\/%d9%85%d8%b9%d9%84%d9%88%d9%85%d8%a7%d8%aa-%d8%b9%d9%86%d8%a7\/","title":{"rendered":"\u0645\u0639\u0644\u0648\u0645\u0627\u062a \u0639\u0646\u0627"},"content":{"rendered":"<div id='av_section_1'  class='avia-section av-3aitzw-e724d24240c7fa683bb8d8715fff4014 main_color avia-section-default avia-no-shadow  avia-builder-el-0  el_before_av_masonry_gallery  avia-builder-el-first  avia-bg-style-scroll container_wrap sidebar_right'  ><div class='container av-section-cont-open' ><main  role=\"main\" itemprop=\"mainContentOfPage\"  class='template-page content  av-content-small alpha units'><div class='post-entry post-entry-type-page post-entry-372'><div class='entry-content-wrapper clearfix'>\n<div class='flex_column av-34tb2s-ae073339d92afea7ec76d32b077f7a45 av_one_full  avia-builder-el-1  avia-builder-el-no-sibling  first flex_column_div '     ><section  class='av_textblock_section av-zack-02f8ebe23e9bce86d91c138d7dfe46bd'  itemscope=\"itemscope\" itemtype=\"https:\/\/schema.org\/CreativeWork\" ><div class='avia_textblock'  itemprop=\"text\" ><h3 class=\"av-special-heading-tag\">YE\u015e\u0130L ORMAN KAHLVALTI\u00a0<span class=\"special_amp\">&#8211;<\/span>\u00a0CAFE<\/h3>\n<div class=\"av-subheading av-subheading_below\">\n<p><strong><em>\u0130stanbul\u2019un en iyi kahvalt\u0131 mekan\u0131<\/em><\/strong><\/p>\n<\/div>\n<p>G\u00fcne g\u00fczel bir ba\u015flang\u0131\u00e7 yapmak isteyenler i\u00e7in Ye\u015fil Orman Kahvalt\u0131 ve Pide, Do\u011fayla i\u00e7 i\u00e7e kahvalt\u0131 imkan\u0131 sunuyoruz.<\/p>\n<p>G\u00f6kt\u00fcrk ve Kemerburgaz&#8217;\u0131n en iyi kahvalt\u0131 ve brunch mekan\u0131.<\/p>\n<p>Bah\u00e7esi g\u00f6r\u00fclmeye de\u011fer olan Ye\u015fil Orman&#8217;da zengin serpme kahvalt\u0131 men\u00fcs\u00fc ile misafirlerimize unutamayaca\u011f\u0131n\u0131z bir an ya\u015fat\u0131yoruz.<\/p>\n<p>5 d\u00f6n\u00fcm arazi \u00fczerine kurulmu\u015f olan mekan\u0131m\u0131zda serpme kahvalt\u0131n\u0131z\u0131 yaparken derede akan \u015f\u0131r\u0131l \u015f\u0131r\u0131l su sesi, A\u011fa\u00e7larda \u00f6ten ku\u015f sesleri sizlere e\u015flik ediyor.<\/p>\n<p>Do\u011fum g\u00fcn\u00fc Organizasyonlar\u0131, Ni\u015fan S\u00f6z ve D\u00fc\u011f\u00fcn Organizasyonlar\u0131 i\u00e7in \u00f6zel alan\u0131m\u0131z mevcuttur.<\/p>\n<\/div><\/section><\/div>\n\n\n","protected":false},"excerpt":{"rendered":"","protected":false},"author":1,"featured_media":0,"parent":0,"menu_order":0,"comment_status":"open","ping_status":"closed","template":"","meta":{"footnotes":""},"class_list":["post-372","page","type-page","status-publish","hentry"],"_links":{"self":[{"href":"https:\/\/yesilorman.com.tr\/ar\/wp-json\/wp\/v2\/pages\/372","targetHints":{"allow":["GET"]}}],"collection":[{"href":"https:\/\/yesilorman.com.tr\/ar\/wp-json\/wp\/v2\/pages"}],"about":[{"href":"https:\/\/yesilorman.com.tr\/ar\/wp-json\/wp\/v2\/types\/page"}],"author":[{"embeddable":true,"href":"https:\/\/yesilorman.com.tr\/ar\/wp-json\/wp\/v2\/users\/1"}],"replies":[{"embeddable":true,"href":"https:\/\/yesilorman.com.tr\/ar\/wp-json\/wp\/v2\/comments?post=372"}],"version-history":[{"count":10,"href":"https:\/\/yesilorman.com.tr\/ar\/wp-json\/wp\/v2\/pages\/372\/revisions"}],"predecessor-version":[{"id":734,"href":"https:\/\/yesilorman.com.tr\/ar\/wp-json\/wp\/v2\/pages\/372\/revisions\/734"}],"wp:attachment":[{"href":"https:\/\/yesilorman.com.tr\/ar\/wp-json\/wp\/v2\/media?parent=372"}],"curies":[{"name":"wp","href":"https:\/\/api.w.org\/{rel}","templated":true}]}}